{"id":1354,"date":"2021-10-05T15:03:08","date_gmt":"2021-10-05T13:03:08","guid":{"rendered":"https:\/\/organicom.ch\/location-de-bureaux\/"},"modified":"2025-11-04T19:13:12","modified_gmt":"2025-11-04T18:13:12","slug":"location-de-bureaux","status":"publish","type":"page","link":"https:\/\/organicom.ch\/en\/location-de-bureaux\/","title":{"rendered":"Office space rental"},"content":{"rendered":"\t\t<div data-elementor-type=\"wp-page\" data-elementor-id=\"1354\" class=\"elementor elementor-1354 elementor-37\" data-elementor-post-type=\"page\">\n\t\t\t\t<div class=\"elementor-element elementor-element-e1285b2 e-flex e-con-boxed e-con e-parent\" data-id=\"e1285b2\" data-element_type=\"container\" data-e-type=\"container\">\n\t\t\t\t\t<div class=\"e-con-inner\">\n\t\t<div class=\"elementor-element elementor-element-d9cd3a7 e-con-full e-flex e-con e-child\" data-id=\"d9cd3a7\" data-element_type=\"container\" data-e-type=\"container\">\n\t\t\t\t<div class=\"elementor-element elementor-element-61f9920 elementor-widget elementor-widget-heading\" data-id=\"61f9920\" data-element_type=\"widget\" data-e-type=\"widget\" data-widget_type=\"heading.default\">\n\t\t\t\t<div class=\"elementor-widget-container\">\n\t\t\t\t\t<span class=\"elementor-heading-title elementor-size-default\"><a href=\"\/\">Accueil<\/a><\/span>\t\t\t\t<\/div>\n\t\t\t\t<\/div>\n\t\t\t\t<div class=\"elementor-element elementor-element-80bb209 elementor-view-default elementor-widget elementor-widget-icon\" data-id=\"80bb209\" data-element_type=\"widget\" data-e-type=\"widget\" data-widget_type=\"icon.default\">\n\t\t\t\t<div class=\"elementor-widget-container\">\n\t\t\t\t\t\t\t<div class=\"elementor-icon-wrapper\">\n\t\t\t<div class=\"elementor-icon\">\n\t\t\t<svg xmlns:xlink=\"http:\/\/www.w3.org\/1999\/xlink\" xmlns=\"http:\/\/www.w3.org\/2000\/svg\" width=\"24\" height=\"24\" viewBox=\"0 0 24 24\" fill=\"none\" stroke=\"currentColor\" stroke-width=\"2\" stroke-linecap=\"round\" stroke-linejoin=\"round\" class=\"lucide lucide-arrow-right w-4 h-4\" data-lov-id=\"src\/pages\/MobilierProfessionnel.tsx:82:14\" data-lov-name=\"ArrowRight\" data-component-path=\"src\/pages\/MobilierProfessionnel.tsx\" data-component-line=\"82\" data-component-file=\"MobilierProfessionnel.tsx\" data-component-name=\"ArrowRight\" data-component-content=\"%7B%22className%22%3A%22w-4%20h-4%22%7D\"><path d=\"M5 12h14\" stroke=\"#6A737C\" fill=\"none\" stroke-width=\"2px\"><\/path><path d=\"m12 5 7 7-7 7\" stroke=\"#6A737C\" fill=\"none\" stroke-width=\"2px\"><\/path><\/svg>\t\t\t<\/div>\n\t\t<\/div>\n\t\t\t\t\t\t<\/div>\n\t\t\t\t<\/div>\n\t\t\t\t<div class=\"elementor-element elementor-element-1308073 elementor-widget elementor-widget-heading\" data-id=\"1308073\" data-element_type=\"widget\" data-e-type=\"widget\" data-widget_type=\"heading.default\">\n\t\t\t\t<div class=\"elementor-widget-container\">\n\t\t\t\t\t<span class=\"elementor-heading-title elementor-size-default\">LOCATION DE BUREAUX<\/span>\t\t\t\t<\/div>\n\t\t\t\t<\/div>\n\t\t\t\t<\/div>\n\t\t\t\t<div class=\"elementor-element elementor-element-1fb51e7 elementor-widget__width-initial elementor-widget-mobile__width-inherit elementor-widget elementor-widget-heading\" data-id=\"1fb51e7\" data-element_type=\"widget\" data-e-type=\"widget\" data-widget_type=\"heading.default\">\n\t\t\t\t<div class=\"elementor-widget-container\">\n\t\t\t\t\t<h1 class=\"elementor-heading-title elementor-size-default\">Location de bureaux<\/h1>\t\t\t\t<\/div>\n\t\t\t\t<\/div>\n\t\t\t\t\t<\/div>\n\t\t\t\t<\/div>\n\t\t<div class=\"elementor-element elementor-element-0a631fa e-flex e-con-boxed e-con e-parent\" data-id=\"0a631fa\" data-element_type=\"container\" data-e-type=\"container\" data-settings=\"{&quot;background_background&quot;:&quot;classic&quot;}\">\n\t\t\t\t\t<div class=\"e-con-inner\">\n\t\t\t\t<div class=\"elementor-element elementor-element-dcdaa0a elementor-widget__width-inherit elementor-widget-mobile__width-inherit elementor-widget elementor-widget-image\" data-id=\"dcdaa0a\" data-element_type=\"widget\" data-e-type=\"widget\" data-widget_type=\"image.default\">\n\t\t\t\t<div class=\"elementor-widget-container\">\n\t\t\t\t\t\t\t\t\t\t\t\t\t\t\t<img fetchpriority=\"high\" decoding=\"async\" width=\"2048\" height=\"1153\" src=\"https:\/\/organicom.ch\/wp-content\/uploads\/2025\/03\/Ichibani-bureau-4-personnes-2048x1153.jpg\" class=\"attachment-2048x2048 size-2048x2048 wp-image-1362\" alt=\"un espaces de coworking pour 4 personnes\" srcset=\"https:\/\/organicom.ch\/wp-content\/uploads\/2025\/03\/Ichibani-bureau-4-personnes-2048x1153.jpg 2048w, https:\/\/organicom.ch\/wp-content\/uploads\/2025\/03\/Ichibani-bureau-4-personnes-300x169.jpg 300w, https:\/\/organicom.ch\/wp-content\/uploads\/2025\/03\/Ichibani-bureau-4-personnes-1024x577.jpg 1024w, https:\/\/organicom.ch\/wp-content\/uploads\/2025\/03\/Ichibani-bureau-4-personnes-768x432.jpg 768w, https:\/\/organicom.ch\/wp-content\/uploads\/2025\/03\/Ichibani-bureau-4-personnes-1536x865.jpg 1536w\" sizes=\"(max-width: 2048px) 100vw, 2048px\" \/>\t\t\t\t\t\t\t\t\t\t\t\t\t\t\t<\/div>\n\t\t\t\t<\/div>\n\t\t<div class=\"elementor-element elementor-element-8380784 e-con-full e-flex e-con e-child\" data-id=\"8380784\" data-element_type=\"container\" data-e-type=\"container\">\n\t\t\t\t<div class=\"elementor-element elementor-element-4cc9bac elementor-widget elementor-widget-heading\" data-id=\"4cc9bac\" data-element_type=\"widget\" data-e-type=\"widget\" data-widget_type=\"heading.default\">\n\t\t\t\t<div class=\"elementor-widget-container\">\n\t\t\t\t\t<h2 class=\"elementor-heading-title elementor-size-default\">Rolle, A-One Business Center<\/h2>\t\t\t\t<\/div>\n\t\t\t\t<\/div>\n\t\t\t\t<div class=\"elementor-element elementor-element-ea9bce3 elementor-widget elementor-widget-text-editor\" data-id=\"ea9bce3\" data-element_type=\"widget\" data-e-type=\"widget\" data-widget_type=\"text-editor.default\">\n\t\t\t\t<div class=\"elementor-widget-container\">\n\t\t\t\t\t\t\t\t\t<p><strong>Coworking<\/strong><\/p><p>Travaillez en toute flexibilit\u00e9 \u00e0 1 min. de la sortie de l&#8217;autoroute !<\/p>\t\t\t\t\t\t\t\t<\/div>\n\t\t\t\t<\/div>\n\t\t\t\t<div class=\"elementor-element elementor-element-3d68c4d elementor-widget elementor-widget-button\" data-id=\"3d68c4d\" data-element_type=\"widget\" data-e-type=\"widget\" data-widget_type=\"button.default\">\n\t\t\t\t<div class=\"elementor-widget-container\">\n\t\t\t\t\t\t\t\t\t<div class=\"elementor-button-wrapper\">\n\t\t\t\t\t<a class=\"elementor-button elementor-button-link elementor-size-sm\" href=\"#elementor-action%3Aaction%3Dpopup%3Aopen%26settings%3DeyJpZCI6MTQwOSwidG9nZ2xlIjpmYWxzZX0%3D\">\n\t\t\t\t\t\t<span class=\"elementor-button-content-wrapper\">\n\t\t\t\t\t\t\t\t\t<span class=\"elementor-button-text\">ESSAI GRATUIT<\/span>\n\t\t\t\t\t<\/span>\n\t\t\t\t\t<\/a>\n\t\t\t\t<\/div>\n\t\t\t\t\t\t\t\t<\/div>\n\t\t\t\t<\/div>\n\t\t\t\t<\/div>\n\t\t\t\t\t<\/div>\n\t\t\t\t<\/div>\n\t\t<div class=\"elementor-element elementor-element-0957f96 e-flex e-con-boxed e-con e-parent\" data-id=\"0957f96\" data-element_type=\"container\" data-e-type=\"container\">\n\t\t\t\t\t<div class=\"e-con-inner\">\n\t\t\t\t<div class=\"elementor-element elementor-element-251f7c8 elementor-widget__width-inherit elementor-widget-mobile__width-inherit elementor-widget elementor-widget-image\" data-id=\"251f7c8\" data-element_type=\"widget\" data-e-type=\"widget\" data-widget_type=\"image.default\">\n\t\t\t\t<div class=\"elementor-widget-container\">\n\t\t\t\t\t\t\t\t\t\t\t\t\t\t\t<img decoding=\"async\" width=\"1116\" height=\"1120\" src=\"https:\/\/organicom.ch\/wp-content\/uploads\/2025\/08\/packet.webp\" class=\"attachment-2048x2048 size-2048x2048 wp-image-1363\" alt=\"\" srcset=\"https:\/\/organicom.ch\/wp-content\/uploads\/2025\/08\/packet.webp 1116w, https:\/\/organicom.ch\/wp-content\/uploads\/2025\/08\/packet-300x300.webp 300w, https:\/\/organicom.ch\/wp-content\/uploads\/2025\/08\/packet-1020x1024.webp 1020w, https:\/\/organicom.ch\/wp-content\/uploads\/2025\/08\/packet-150x150.webp 150w, https:\/\/organicom.ch\/wp-content\/uploads\/2025\/08\/packet-768x771.webp 768w\" sizes=\"(max-width: 1116px) 100vw, 1116px\" \/>\t\t\t\t\t\t\t\t\t\t\t\t\t\t\t<\/div>\n\t\t\t\t<\/div>\n\t\t<div class=\"elementor-element elementor-element-e605e99 e-con-full e-flex e-con e-child\" data-id=\"e605e99\" data-element_type=\"container\" data-e-type=\"container\">\n\t\t\t\t<div class=\"elementor-element elementor-element-383fed2 elementor-widget elementor-widget-heading\" data-id=\"383fed2\" data-element_type=\"widget\" data-e-type=\"widget\" data-widget_type=\"heading.default\">\n\t\t\t\t<div class=\"elementor-widget-container\">\n\t\t\t\t\t<h2 class=\"elementor-heading-title elementor-size-default\">Lausanne, Ch. de B\u00e9r\u00e9e<\/h2>\t\t\t\t<\/div>\n\t\t\t\t<\/div>\n\t\t\t\t<div class=\"elementor-element elementor-element-2871d04 elementor-widget elementor-widget-text-editor\" data-id=\"2871d04\" data-element_type=\"widget\" data-e-type=\"widget\" data-widget_type=\"text-editor.default\">\n\t\t\t\t<div class=\"elementor-widget-container\">\n\t\t\t\t\t\t\t\t\t<p><strong>2\u00e8me \u00e9tage<\/strong><\/p><p>une centaine de m\u00e8tres carr\u00e9s disponibles de suite<\/p>\t\t\t\t\t\t\t\t<\/div>\n\t\t\t\t<\/div>\n\t\t\t\t<div class=\"elementor-element elementor-element-ae63ffd elementor-widget elementor-widget-button\" data-id=\"ae63ffd\" data-element_type=\"widget\" data-e-type=\"widget\" data-widget_type=\"button.default\">\n\t\t\t\t<div class=\"elementor-widget-container\">\n\t\t\t\t\t\t\t\t\t<div class=\"elementor-button-wrapper\">\n\t\t\t\t\t<a class=\"elementor-button elementor-button-link elementor-size-sm\" href=\"#elementor-action%3Aaction%3Dpopup%3Aopen%26settings%3DeyJpZCI6MTQwOSwidG9nZ2xlIjpmYWxzZX0%3D\">\n\t\t\t\t\t\t<span class=\"elementor-button-content-wrapper\">\n\t\t\t\t\t\t\t\t\t<span class=\"elementor-button-text\">ESSAI GRATUIT<\/span>\n\t\t\t\t\t<\/span>\n\t\t\t\t\t<\/a>\n\t\t\t\t<\/div>\n\t\t\t\t\t\t\t\t<\/div>\n\t\t\t\t<\/div>\n\t\t\t\t<\/div>\n\t\t\t\t\t<\/div>\n\t\t\t\t<\/div>\n\t\t<div class=\"elementor-element elementor-element-302ead7 e-flex e-con-boxed e-con e-parent\" data-id=\"302ead7\" data-element_type=\"container\" data-e-type=\"container\" data-settings=\"{&quot;background_background&quot;:&quot;classic&quot;}\">\n\t\t\t\t\t<div class=\"e-con-inner\">\n\t\t\t\t<div class=\"elementor-element elementor-element-3be0c0b elementor-widget__width-inherit elementor-widget-mobile__width-inherit elementor-widget elementor-widget-image\" data-id=\"3be0c0b\" data-element_type=\"widget\" data-e-type=\"widget\" data-widget_type=\"image.default\">\n\t\t\t\t<div class=\"elementor-widget-container\">\n\t\t\t\t\t\t\t\t\t\t\t\t\t\t\t<img decoding=\"async\" width=\"1480\" height=\"800\" src=\"https:\/\/organicom.ch\/wp-content\/uploads\/2021\/10\/rolle2.webp\" class=\"attachment-2048x2048 size-2048x2048 wp-image-1364\" alt=\"\" srcset=\"https:\/\/organicom.ch\/wp-content\/uploads\/2021\/10\/rolle2.webp 1480w, https:\/\/organicom.ch\/wp-content\/uploads\/2021\/10\/rolle2-300x162.webp 300w, https:\/\/organicom.ch\/wp-content\/uploads\/2021\/10\/rolle2-1024x554.webp 1024w, https:\/\/organicom.ch\/wp-content\/uploads\/2021\/10\/rolle2-768x415.webp 768w\" sizes=\"(max-width: 1480px) 100vw, 1480px\" \/>\t\t\t\t\t\t\t\t\t\t\t\t\t\t\t<\/div>\n\t\t\t\t<\/div>\n\t\t<div class=\"elementor-element elementor-element-523bda9 e-con-full e-flex e-con e-child\" data-id=\"523bda9\" data-element_type=\"container\" data-e-type=\"container\">\n\t\t\t\t<div class=\"elementor-element elementor-element-cff75f9 elementor-widget elementor-widget-heading\" data-id=\"cff75f9\" data-element_type=\"widget\" data-e-type=\"widget\" data-widget_type=\"heading.default\">\n\t\t\t\t<div class=\"elementor-widget-container\">\n\t\t\t\t\t<h2 class=\"elementor-heading-title elementor-size-default\">Rolle, Bureaux<\/h2>\t\t\t\t<\/div>\n\t\t\t\t<\/div>\n\t\t\t\t<div class=\"elementor-element elementor-element-3466a10 elementor-widget elementor-widget-text-editor\" data-id=\"3466a10\" data-element_type=\"widget\" data-e-type=\"widget\" data-widget_type=\"text-editor.default\">\n\t\t\t\t<div class=\"elementor-widget-container\">\n\t\t\t\t\t\t\t\t\t<p><strong>Bureaux individuels flexibles<\/strong><\/p><p>une centaine de m\u00e8tres carr\u00e9s disponibles de suite<\/p><ul><li>de 1 \u00e0 50 postes de travail<\/li><li>enti\u00e8rement \u00e9quip\u00e9s<\/li><li>disponibilit\u00e9 imm\u00e9diate<\/li><li>\u00e9quipe sur place<\/li><li>r\u00e9seau professionnel<\/li><li>fitness<\/li><li>parking<\/li><li>restaurant<\/li><\/ul>\t\t\t\t\t\t\t\t<\/div>\n\t\t\t\t<\/div>\n\t\t\t\t<div class=\"elementor-element elementor-element-ac9b0e0 elementor-align-left elementor-widget elementor-widget-button\" data-id=\"ac9b0e0\" data-element_type=\"widget\" data-e-type=\"widget\" data-widget_type=\"button.default\">\n\t\t\t\t<div class=\"elementor-widget-container\">\n\t\t\t\t\t\t\t\t\t<div class=\"elementor-button-wrapper\">\n\t\t\t\t\t<a class=\"elementor-button elementor-button-link elementor-size-sm\" href=\"#elementor-action%3Aaction%3Dpopup%3Aopen%26settings%3DeyJpZCI6MTQwOSwidG9nZ2xlIjpmYWxzZX0%3D\">\n\t\t\t\t\t\t<span class=\"elementor-button-content-wrapper\">\n\t\t\t\t\t\t\t\t\t<span class=\"elementor-button-text\">VISITER<\/span>\n\t\t\t\t\t<\/span>\n\t\t\t\t\t<\/a>\n\t\t\t\t<\/div>\n\t\t\t\t\t\t\t\t<\/div>\n\t\t\t\t<\/div>\n\t\t\t\t<\/div>\n\t\t\t\t\t<\/div>\n\t\t\t\t<\/div>\n\t\t<div class=\"elementor-element elementor-element-1520b39 e-flex e-con-boxed e-con e-parent\" data-id=\"1520b39\" data-element_type=\"container\" data-e-type=\"container\">\n\t\t\t\t\t<div class=\"e-con-inner\">\n\t\t\t\t<div class=\"elementor-element elementor-element-f4e6b37 elementor-widget__width-inherit elementor-widget-mobile__width-inherit elementor-widget elementor-widget-image\" data-id=\"f4e6b37\" data-element_type=\"widget\" data-e-type=\"widget\" data-widget_type=\"image.default\">\n\t\t\t\t<div class=\"elementor-widget-container\">\n\t\t\t\t\t\t\t\t\t\t\t\t\t\t\t<img loading=\"lazy\" decoding=\"async\" width=\"2048\" height=\"1152\" src=\"https:\/\/organicom.ch\/wp-content\/uploads\/2021\/11\/106a-2048x1152.jpg\" class=\"attachment-2048x2048 size-2048x2048 wp-image-1365\" alt=\"\" srcset=\"https:\/\/organicom.ch\/wp-content\/uploads\/2021\/11\/106a-2048x1152.jpg 2048w, https:\/\/organicom.ch\/wp-content\/uploads\/2021\/11\/106a-300x169.jpg 300w, https:\/\/organicom.ch\/wp-content\/uploads\/2021\/11\/106a-1024x576.jpg 1024w, https:\/\/organicom.ch\/wp-content\/uploads\/2021\/11\/106a-768x432.jpg 768w, https:\/\/organicom.ch\/wp-content\/uploads\/2021\/11\/106a-1536x864.jpg 1536w\" sizes=\"(max-width: 2048px) 100vw, 2048px\" \/>\t\t\t\t\t\t\t\t\t\t\t\t\t\t\t<\/div>\n\t\t\t\t<\/div>\n\t\t<div class=\"elementor-element elementor-element-3de63e5 e-con-full e-flex e-con e-child\" data-id=\"3de63e5\" data-element_type=\"container\" data-e-type=\"container\">\n\t\t\t\t<div class=\"elementor-element elementor-element-05d582c elementor-widget elementor-widget-heading\" data-id=\"05d582c\" data-element_type=\"widget\" data-e-type=\"widget\" data-widget_type=\"heading.default\">\n\t\t\t\t<div class=\"elementor-widget-container\">\n\t\t\t\t\t<h2 class=\"elementor-heading-title elementor-size-default\">\nRolle, Salles de s\u00e9minaires<\/h2>\t\t\t\t<\/div>\n\t\t\t\t<\/div>\n\t\t\t\t<div class=\"elementor-element elementor-element-a78588e elementor-widget elementor-widget-text-editor\" data-id=\"a78588e\" data-element_type=\"widget\" data-e-type=\"widget\" data-widget_type=\"text-editor.default\">\n\t\t\t\t<div class=\"elementor-widget-container\">\n\t\t\t\t\t\t\t\t\t<p><strong>Salles de r\u00e9union pour 2 \u00e0 50 personnes<\/strong><\/p><p>Pour vos entretiens, vos r\u00e9unions, vos \u00e9v\u00e9nements<\/p><ul><li>enti\u00e8rement \u00e9quip\u00e9es<\/li><li>pr\u00eates \u00e0 l&#8217;emploi<\/li><li>catering<\/li><li>\u00e9quipe sur place<\/li><li>diverses configurations<\/li><li>parking gratuit<\/li><li>bus<\/li><li>\u00e0 3 min. de la gare<\/li><\/ul>\t\t\t\t\t\t\t\t<\/div>\n\t\t\t\t<\/div>\n\t\t\t\t<div class=\"elementor-element elementor-element-3b6f3f7 elementor-align-left elementor-widget elementor-widget-button\" data-id=\"3b6f3f7\" data-element_type=\"widget\" data-e-type=\"widget\" data-widget_type=\"button.default\">\n\t\t\t\t<div class=\"elementor-widget-container\">\n\t\t\t\t\t\t\t\t\t<div class=\"elementor-button-wrapper\">\n\t\t\t\t\t<a class=\"elementor-button elementor-button-link elementor-size-sm\" href=\"#elementor-action%3Aaction%3Dpopup%3Aopen%26settings%3DeyJpZCI6MTQwOSwidG9nZ2xlIjpmYWxzZX0%3D\">\n\t\t\t\t\t\t<span class=\"elementor-button-content-wrapper\">\n\t\t\t\t\t\t\t\t\t<span class=\"elementor-button-text\">VISITER<\/span>\n\t\t\t\t\t<\/span>\n\t\t\t\t\t<\/a>\n\t\t\t\t<\/div>\n\t\t\t\t\t\t\t\t<\/div>\n\t\t\t\t<\/div>\n\t\t\t\t<\/div>\n\t\t\t\t\t<\/div>\n\t\t\t\t<\/div>\n\t\t\t\t<\/div>\n\t\t","protected":false},"excerpt":{"rendered":"<p>Accueil LOCATION DE BUREAUX Location de bureaux Rolle, A-One Business Center Coworking Travaillez en toute flexibilit\u00e9 \u00e0 1 min. de la sortie de l&#8217;autoroute ! ESSAI GRATUIT Lausanne, Ch. de B\u00e9r\u00e9e 2\u00e8me \u00e9tage une centaine de m\u00e8tres carr\u00e9s disponibles de suite ESSAI GRATUIT Rolle, Bureaux Bureaux individuels flexibles une centaine de m\u00e8tres carr\u00e9s disponibles de [&hellip;]<\/p>\n","protected":false},"author":3,"featured_media":0,"parent":0,"menu_order":0,"comment_status":"closed","ping_status":"closed","template":"","meta":{"footnotes":""},"class_list":["post-1354","page","type-page","status-publish","hentry"],"_links":{"self":[{"href":"https:\/\/organicom.ch\/en\/wp-json\/wp\/v2\/pages\/1354","targetHints":{"allow":["GET"]}}],"collection":[{"href":"https:\/\/organicom.ch\/en\/wp-json\/wp\/v2\/pages"}],"about":[{"href":"https:\/\/organicom.ch\/en\/wp-json\/wp\/v2\/types\/page"}],"author":[{"embeddable":true,"href":"https:\/\/organicom.ch\/en\/wp-json\/wp\/v2\/users\/3"}],"replies":[{"embeddable":true,"href":"https:\/\/organicom.ch\/en\/wp-json\/wp\/v2\/comments?post=1354"}],"version-history":[{"count":1,"href":"https:\/\/organicom.ch\/en\/wp-json\/wp\/v2\/pages\/1354\/revisions"}],"predecessor-version":[{"id":1372,"href":"https:\/\/organicom.ch\/en\/wp-json\/wp\/v2\/pages\/1354\/revisions\/1372"}],"wp:attachment":[{"href":"https:\/\/organicom.ch\/en\/wp-json\/wp\/v2\/media?parent=1354"}],"curies":[{"name":"wp","href":"https:\/\/api.w.org\/{rel}","templated":true}]}}