{"id":1356,"date":"2021-10-05T15:02:26","date_gmt":"2021-10-05T13:02:26","guid":{"rendered":"https:\/\/organicom.ch\/mobilier-professionnel-bureau-pret-a-lemploi\/"},"modified":"2025-11-04T19:13:23","modified_gmt":"2025-11-04T18:13:23","slug":"mobilier-professionnel-bureau-pret-a-lemploi","status":"publish","type":"page","link":"https:\/\/organicom.ch\/en\/mobilier-professionnel-bureau-pret-a-lemploi\/","title":{"rendered":"Office furniture"},"content":{"rendered":"\t\t<div data-elementor-type=\"wp-page\" data-elementor-id=\"1356\" class=\"elementor elementor-1356 elementor-34\" data-elementor-post-type=\"page\">\n\t\t\t\t<div class=\"elementor-element elementor-element-8a7a788 e-flex e-con-boxed e-con e-parent\" data-id=\"8a7a788\" data-element_type=\"container\" data-e-type=\"container\" data-settings=\"{&quot;background_background&quot;:&quot;classic&quot;}\">\n\t\t\t\t\t<div class=\"e-con-inner\">\n\t\t<div class=\"elementor-element elementor-element-1e4b38b e-con-full e-flex e-con e-child\" data-id=\"1e4b38b\" data-element_type=\"container\" data-e-type=\"container\">\n\t\t\t\t<div class=\"elementor-element elementor-element-e6180ff elementor-widget elementor-widget-heading\" data-id=\"e6180ff\" data-element_type=\"widget\" data-e-type=\"widget\" data-widget_type=\"heading.default\">\n\t\t\t\t<div class=\"elementor-widget-container\">\n\t\t\t\t\t<span class=\"elementor-heading-title elementor-size-default\"><a href=\"\/\">Accueil<\/a><\/span>\t\t\t\t<\/div>\n\t\t\t\t<\/div>\n\t\t\t\t<div class=\"elementor-element elementor-element-76f717a elementor-view-default elementor-widget elementor-widget-icon\" data-id=\"76f717a\" data-element_type=\"widget\" data-e-type=\"widget\" data-widget_type=\"icon.default\">\n\t\t\t\t<div class=\"elementor-widget-container\">\n\t\t\t\t\t\t\t<div class=\"elementor-icon-wrapper\">\n\t\t\t<div class=\"elementor-icon\">\n\t\t\t<svg xmlns:xlink=\"http:\/\/www.w3.org\/1999\/xlink\" xmlns=\"http:\/\/www.w3.org\/2000\/svg\" width=\"24\" height=\"24\" viewBox=\"0 0 24 24\" fill=\"none\" stroke=\"currentColor\" stroke-width=\"2\" stroke-linecap=\"round\" stroke-linejoin=\"round\" class=\"lucide lucide-arrow-right w-4 h-4\" data-lov-id=\"src\/pages\/MobilierProfessionnel.tsx:82:14\" data-lov-name=\"ArrowRight\" data-component-path=\"src\/pages\/MobilierProfessionnel.tsx\" data-component-line=\"82\" data-component-file=\"MobilierProfessionnel.tsx\" data-component-name=\"ArrowRight\" data-component-content=\"%7B%22className%22%3A%22w-4%20h-4%22%7D\"><path d=\"M5 12h14\" stroke=\"#6A737C\" fill=\"none\" stroke-width=\"2px\"><\/path><path d=\"m12 5 7 7-7 7\" stroke=\"#6A737C\" fill=\"none\" stroke-width=\"2px\"><\/path><\/svg>\t\t\t<\/div>\n\t\t<\/div>\n\t\t\t\t\t\t<\/div>\n\t\t\t\t<\/div>\n\t\t\t\t<div class=\"elementor-element elementor-element-cb1befd elementor-widget elementor-widget-heading\" data-id=\"cb1befd\" data-element_type=\"widget\" data-e-type=\"widget\" data-widget_type=\"heading.default\">\n\t\t\t\t<div class=\"elementor-widget-container\">\n\t\t\t\t\t<span class=\"elementor-heading-title elementor-size-default\">Mobilier professionel<\/span>\t\t\t\t<\/div>\n\t\t\t\t<\/div>\n\t\t\t\t<\/div>\n\t\t\t\t<div class=\"elementor-element elementor-element-acb8c65 elementor-widget__width-initial elementor-widget-mobile__width-inherit elementor-widget elementor-widget-heading\" data-id=\"acb8c65\" data-element_type=\"widget\" data-e-type=\"widget\" data-widget_type=\"heading.default\">\n\t\t\t\t<div class=\"elementor-widget-container\">\n\t\t\t\t\t<h1 class=\"elementor-heading-title elementor-size-default\">Mobilier de bureau professionnel<\/h1>\t\t\t\t<\/div>\n\t\t\t\t<\/div>\n\t\t\t\t<div class=\"elementor-element elementor-element-3eefbf1 elementor-widget__width-initial elementor-widget elementor-widget-jet-unfold\" data-id=\"3eefbf1\" data-element_type=\"widget\" data-e-type=\"widget\" data-settings=\"{&quot;mask_height&quot;:{&quot;unit&quot;:&quot;px&quot;,&quot;size&quot;:150,&quot;sizes&quot;:[]},&quot;unfold_duration&quot;:{&quot;unit&quot;:&quot;ms&quot;,&quot;size&quot;:200,&quot;sizes&quot;:[]},&quot;mask_height_tablet&quot;:{&quot;unit&quot;:&quot;px&quot;,&quot;size&quot;:&quot;&quot;,&quot;sizes&quot;:[]},&quot;mask_height_mobile&quot;:{&quot;unit&quot;:&quot;px&quot;,&quot;size&quot;:&quot;&quot;,&quot;sizes&quot;:[]},&quot;unfold_easing&quot;:&quot;easeOutBack&quot;,&quot;fold_duration&quot;:{&quot;unit&quot;:&quot;ms&quot;,&quot;size&quot;:300,&quot;sizes&quot;:[]},&quot;fold_easing&quot;:&quot;easeOutSine&quot;}\" data-widget_type=\"jet-unfold.default\">\n\t\t\t\t<div class=\"elementor-widget-container\">\n\t\t\t\t\t\t\t<div class=\"jet-unfold \" data-settings=\"{&quot;height&quot;:{&quot;size&quot;:150,&quot;unit&quot;:&quot;px&quot;},&quot;separatorHeight&quot;:{&quot;unit&quot;:&quot;px&quot;,&quot;size&quot;:45,&quot;sizes&quot;:[]},&quot;heightControlType&quot;:&quot;height&quot;,&quot;wordCount&quot;:20,&quot;unfoldDuration&quot;:{&quot;unit&quot;:&quot;ms&quot;,&quot;size&quot;:200,&quot;sizes&quot;:[]},&quot;foldDuration&quot;:{&quot;unit&quot;:&quot;ms&quot;,&quot;size&quot;:300,&quot;sizes&quot;:[]},&quot;unfoldEasing&quot;:&quot;easeOutBack&quot;,&quot;foldEasing&quot;:&quot;easeOutSine&quot;,&quot;foldScrolling&quot;:&quot;false&quot;,&quot;hideOutsideClick&quot;:&quot;false&quot;,&quot;autoHide&quot;:&quot;false&quot;,&quot;autoHideTime&quot;:&quot;&quot;,&quot;foldScrollOffset&quot;:&quot;&quot;,&quot;separatorType&quot;:&quot;div&quot;}\">\r\n\t\t\t<div class=\"jet-unfold__inner\">\r\n\t\t\t\t<div class=\"jet-unfold__mask\" style=\"height:150px\">\r\n\t\t\t\t\t<div class=\"jet-unfold__content\">\r\n\t\t\t\t\t\t<div class=\"jet-unfold__content-inner elementor-text-editor elementor-clearfix\"><p style=\"text-align: center;\"><span class=\"elementor-heading-title elementor-size-default\">Le mobilier professionnel de bureau que vous choisissez pour votre espace de travail exerce une influence consid\u00e9rable sur votre bien-\u00eatre, votre productivit\u00e9 et votre \u00e9tat d&#8217;esprit. Opter pour du mobilier de qualit\u00e9 peut grandement am\u00e9liorer votre confort de travail.<\/span><\/p><p style=\"text-align: center;\">Chez organicom, nous comprenons l&#8217;importance de l&#8217;ergonomie et du design du mobilier de bureau. C&#8217;est pourquoi nous travaillons en \u00e9troite collaboration avec les meilleurs partenaires pour vous offrir des solutions sur mesure, parfaitement adapt\u00e9es aux besoins et \u00e0 la motivation de vos collaborateurs.<\/p><p style=\"text-align: center;\">D\u00e9couvrez nos solutions pour transformer votre espace de travail en un lieu stimulant la cr\u00e9ativit\u00e9 et le succ\u00e8s professionnel !<\/p><\/div>\r\n\t\t\t\t\t<\/div>\r\n\t\t\t\t\t\t\t\t\t\t<div class=\"jet-unfold__separator\"><\/div>\r\n\t\t\t\t\t\t\t\t\t<\/div>\r\n\t\t\t\t<div class=\"jet-unfold__trigger\"><div class=\"jet-unfold__button elementor-button elementor-size-md\" href=\"#\" data-unfold-text=\"Lire plus +\" data-fold-text=\"Lire moins -\" data-fold-icon=\"\" data-unfold-icon=\"\" tabindex=\"0\" role=\"button\"><span class=\"jet-unfold__button-icon jet-tricks-icon\"><\/span><span class=\"jet-unfold__button-text\">Lire plus +<\/span><\/div>\t\t\t\t<\/div>\r\n\t\t\t<\/div>\r\n\t\t<\/div>\r\n\t\t\t\t\t\t<\/div>\n\t\t\t\t<\/div>\n\t\t\t\t\t<\/div>\n\t\t\t\t<\/div>\n\t\t<div class=\"elementor-element elementor-element-913f45c e-flex e-con-boxed e-con e-parent\" data-id=\"913f45c\" data-element_type=\"container\" data-e-type=\"container\" data-settings=\"{&quot;background_background&quot;:&quot;classic&quot;}\">\n\t\t\t\t\t<div class=\"e-con-inner\">\n\t\t\t\t<div class=\"elementor-element elementor-element-1b3df0b elementor-widget__width-initial elementor-widget-mobile__width-inherit elementor-widget elementor-widget-image\" data-id=\"1b3df0b\" data-element_type=\"widget\" data-e-type=\"widget\" data-widget_type=\"image.default\">\n\t\t\t\t<div class=\"elementor-widget-container\">\n\t\t\t\t\t\t\t\t\t\t\t\t\t\t\t<img fetchpriority=\"high\" decoding=\"async\" width=\"960\" height=\"1480\" src=\"https:\/\/organicom.ch\/wp-content\/uploads\/2021\/10\/marche.webp\" class=\"attachment-2048x2048 size-2048x2048 wp-image-1366\" alt=\"mobilier professionnel de bureau pour plus de productivit\u00e9\" srcset=\"https:\/\/organicom.ch\/wp-content\/uploads\/2021\/10\/marche.webp 960w, https:\/\/organicom.ch\/wp-content\/uploads\/2021\/10\/marche-195x300.webp 195w, https:\/\/organicom.ch\/wp-content\/uploads\/2021\/10\/marche-664x1024.webp 664w, https:\/\/organicom.ch\/wp-content\/uploads\/2021\/10\/marche-768x1184.webp 768w\" sizes=\"(max-width: 960px) 100vw, 960px\" \/>\t\t\t\t\t\t\t\t\t\t\t\t\t\t\t<\/div>\n\t\t\t\t<\/div>\n\t\t<div class=\"elementor-element elementor-element-7c257e7 e-con-full e-flex e-con e-child\" data-id=\"7c257e7\" data-element_type=\"container\" data-e-type=\"container\">\n\t\t\t\t<div class=\"elementor-element elementor-element-76196ea elementor-widget elementor-widget-heading\" data-id=\"76196ea\" data-element_type=\"widget\" data-e-type=\"widget\" data-widget_type=\"heading.default\">\n\t\t\t\t<div class=\"elementor-widget-container\">\n\t\t\t\t\t<h2 class=\"elementor-heading-title elementor-size-default\">Tapis de marche<\/h2>\t\t\t\t<\/div>\n\t\t\t\t<\/div>\n\t\t\t\t<div class=\"elementor-element elementor-element-ebc7fd6 elementor-widget elementor-widget-text-editor\" data-id=\"ebc7fd6\" data-element_type=\"widget\" data-e-type=\"widget\" data-widget_type=\"text-editor.default\">\n\t\t\t\t<div class=\"elementor-widget-container\">\n\t\t\t\t\t\t\t\t\t<p><strong>Travaillez en marchant<\/strong><\/p><p>Des salari\u00e9s en meilleure sant\u00e9, plus dynamiques et motiv\u00e9s. Bienfaits pour l&#8217;entreprise :<\/p><ul><li>Augmentation de la productivit\u00e9<\/li><li>Diminution du taux d&#8217;absent\u00e9isme<\/li><li>Attraction et r\u00e9tention des talents<\/li><\/ul><p>D\u00e9passez facilement les 10&#8217;000 pas par jour&#8230; durant vos heures de bureau !<\/p>\t\t\t\t\t\t\t\t<\/div>\n\t\t\t\t<\/div>\n\t\t\t\t<div class=\"elementor-element elementor-element-7185b50 elementor-widget elementor-widget-button\" data-id=\"7185b50\" data-element_type=\"widget\" data-e-type=\"widget\" data-widget_type=\"button.default\">\n\t\t\t\t<div class=\"elementor-widget-container\">\n\t\t\t\t\t\t\t\t\t<div class=\"elementor-button-wrapper\">\n\t\t\t\t\t<a class=\"elementor-button elementor-button-link elementor-size-sm\" href=\"#elementor-action%3Aaction%3Dpopup%3Aopen%26settings%3DeyJpZCI6MTQwOSwidG9nZ2xlIjpmYWxzZX0%3D\">\n\t\t\t\t\t\t<span class=\"elementor-button-content-wrapper\">\n\t\t\t\t\t\t\t\t\t<span class=\"elementor-button-text\">ESSAI GRATUIT<\/span>\n\t\t\t\t\t<\/span>\n\t\t\t\t\t<\/a>\n\t\t\t\t<\/div>\n\t\t\t\t\t\t\t\t<\/div>\n\t\t\t\t<\/div>\n\t\t\t\t<\/div>\n\t\t\t\t\t<\/div>\n\t\t\t\t<\/div>\n\t\t<div class=\"elementor-element elementor-element-65af5ec e-flex e-con-boxed e-con e-parent\" data-id=\"65af5ec\" data-element_type=\"container\" data-e-type=\"container\">\n\t\t\t\t\t<div class=\"e-con-inner\">\n\t\t\t\t<div class=\"elementor-element elementor-element-446b46e elementor-widget__width-initial elementor-widget-mobile__width-inherit elementor-widget elementor-widget-image\" data-id=\"446b46e\" data-element_type=\"widget\" data-e-type=\"widget\" data-widget_type=\"image.default\">\n\t\t\t\t<div class=\"elementor-widget-container\">\n\t\t\t\t\t\t\t\t\t\t\t\t\t\t\t<img decoding=\"async\" width=\"960\" height=\"1480\" src=\"https:\/\/organicom.ch\/wp-content\/uploads\/2021\/10\/bulle.webp\" class=\"attachment-2048x2048 size-2048x2048 wp-image-1357\" alt=\"Medirelax est \u00e0 votre disposition chez Ichibani pour r\u00e9cup\u00e9rer un cycle de sommeil en 12 min.\" srcset=\"https:\/\/organicom.ch\/wp-content\/uploads\/2021\/10\/bulle.webp 960w, https:\/\/organicom.ch\/wp-content\/uploads\/2021\/10\/bulle-195x300.webp 195w, https:\/\/organicom.ch\/wp-content\/uploads\/2021\/10\/bulle-664x1024.webp 664w, https:\/\/organicom.ch\/wp-content\/uploads\/2021\/10\/bulle-768x1184.webp 768w\" sizes=\"(max-width: 960px) 100vw, 960px\" \/>\t\t\t\t\t\t\t\t\t\t\t\t\t\t\t<\/div>\n\t\t\t\t<\/div>\n\t\t<div class=\"elementor-element elementor-element-009c50c e-con-full e-flex e-con e-child\" data-id=\"009c50c\" data-element_type=\"container\" data-e-type=\"container\">\n\t\t\t\t<div class=\"elementor-element elementor-element-47dd171 elementor-widget elementor-widget-heading\" data-id=\"47dd171\" data-element_type=\"widget\" data-e-type=\"widget\" data-widget_type=\"heading.default\">\n\t\t\t\t<div class=\"elementor-widget-container\">\n\t\t\t\t\t<h2 class=\"elementor-heading-title elementor-size-default\">Bulle de relaxation<\/h2>\t\t\t\t<\/div>\n\t\t\t\t<\/div>\n\t\t\t\t<div class=\"elementor-element elementor-element-ee0e1c2 elementor-widget elementor-widget-text-editor\" data-id=\"ee0e1c2\" data-element_type=\"widget\" data-e-type=\"widget\" data-widget_type=\"text-editor.default\">\n\t\t\t\t<div class=\"elementor-widget-container\">\n\t\t\t\t\t\t\t\t\t<p><strong>Relaxation active \u00e0 bord de la bulle RelaxOne<\/strong><\/p><p>R\u00e9cup\u00e9rez une heure et demie de sommeil en une s\u00e9ance de 12 minutes.<\/p><ul><li>r\u00e9cup\u00e9ration rapide de la fatigue<\/li><li>r\u00e9duction du stress<\/li><li>optimisation des performances mentales<\/li><\/ul><p>Utilisation simple et naturel dans le respect du confort des utilisateurs!<\/p>\t\t\t\t\t\t\t\t<\/div>\n\t\t\t\t<\/div>\n\t\t\t\t<div class=\"elementor-element elementor-element-394d6a2 elementor-widget elementor-widget-button\" data-id=\"394d6a2\" data-element_type=\"widget\" data-e-type=\"widget\" data-widget_type=\"button.default\">\n\t\t\t\t<div class=\"elementor-widget-container\">\n\t\t\t\t\t\t\t\t\t<div class=\"elementor-button-wrapper\">\n\t\t\t\t\t<a class=\"elementor-button elementor-button-link elementor-size-sm\" href=\"#elementor-action%3Aaction%3Dpopup%3Aopen%26settings%3DeyJpZCI6MTQwOSwidG9nZ2xlIjpmYWxzZX0%3D\">\n\t\t\t\t\t\t<span class=\"elementor-button-content-wrapper\">\n\t\t\t\t\t\t\t\t\t<span class=\"elementor-button-text\">ESSAI GRATUIT<\/span>\n\t\t\t\t\t<\/span>\n\t\t\t\t\t<\/a>\n\t\t\t\t<\/div>\n\t\t\t\t\t\t\t\t<\/div>\n\t\t\t\t<\/div>\n\t\t\t\t<\/div>\n\t\t\t\t\t<\/div>\n\t\t\t\t<\/div>\n\t\t<div class=\"elementor-element elementor-element-d240d47 e-flex e-con-boxed e-con e-parent\" data-id=\"d240d47\" data-element_type=\"container\" data-e-type=\"container\" data-settings=\"{&quot;background_background&quot;:&quot;classic&quot;}\">\n\t\t\t\t\t<div class=\"e-con-inner\">\n\t\t\t\t<div class=\"elementor-element elementor-element-1263d7f elementor-widget__width-initial elementor-widget-mobile__width-inherit elementor-widget elementor-widget-image\" data-id=\"1263d7f\" data-element_type=\"widget\" data-e-type=\"widget\" data-widget_type=\"image.default\">\n\t\t\t\t<div class=\"elementor-widget-container\">\n\t\t\t\t\t\t\t\t\t\t\t\t\t\t\t<img decoding=\"async\" width=\"960\" height=\"1480\" src=\"https:\/\/organicom.ch\/wp-content\/uploads\/2021\/10\/mobilier_f.webp\" class=\"attachment-2048x2048 size-2048x2048 wp-image-1367\" alt=\"mobilier d&#039;occasion \u00e0 vendre \u00e0 Rolle\" srcset=\"https:\/\/organicom.ch\/wp-content\/uploads\/2021\/10\/mobilier_f.webp 960w, https:\/\/organicom.ch\/wp-content\/uploads\/2021\/10\/mobilier_f-195x300.webp 195w, https:\/\/organicom.ch\/wp-content\/uploads\/2021\/10\/mobilier_f-664x1024.webp 664w, https:\/\/organicom.ch\/wp-content\/uploads\/2021\/10\/mobilier_f-768x1184.webp 768w\" sizes=\"(max-width: 960px) 100vw, 960px\" \/>\t\t\t\t\t\t\t\t\t\t\t\t\t\t\t<\/div>\n\t\t\t\t<\/div>\n\t\t<div class=\"elementor-element elementor-element-7b9b3e8 e-con-full e-flex e-con e-child\" data-id=\"7b9b3e8\" data-element_type=\"container\" data-e-type=\"container\">\n\t\t\t\t<div class=\"elementor-element elementor-element-6381138 elementor-widget elementor-widget-heading\" data-id=\"6381138\" data-element_type=\"widget\" data-e-type=\"widget\" data-widget_type=\"heading.default\">\n\t\t\t\t<div class=\"elementor-widget-container\">\n\t\t\t\t\t<h2 class=\"elementor-heading-title elementor-size-default\">Mobilier d'occasion poirier<\/h2>\t\t\t\t<\/div>\n\t\t\t\t<\/div>\n\t\t\t\t<div class=\"elementor-element elementor-element-4904bee elementor-widget elementor-widget-text-editor\" data-id=\"4904bee\" data-element_type=\"widget\" data-e-type=\"widget\" data-widget_type=\"text-editor.default\">\n\t\t\t\t<div class=\"elementor-widget-container\">\n\t\t\t\t\t\t\t\t\t<p><strong>Tables, caissons, armoires<\/strong><\/p><ul><li>Tables 2000&#215;900 ou 1800&#215;900, hauteur r\u00e9glable<\/li><li>Caissons \u00e0 roulettes, 2 tiroirs (dossiers suspendus et plumier)<\/li><li>armoires avec une \u00e9tag\u00e8re<\/li><\/ul>\t\t\t\t\t\t\t\t<\/div>\n\t\t\t\t<\/div>\n\t\t\t\t<div class=\"elementor-element elementor-element-4ff8da9 elementor-widget elementor-widget-button\" data-id=\"4ff8da9\" data-element_type=\"widget\" data-e-type=\"widget\" data-widget_type=\"button.default\">\n\t\t\t\t<div class=\"elementor-widget-container\">\n\t\t\t\t\t\t\t\t\t<div class=\"elementor-button-wrapper\">\n\t\t\t\t\t<a class=\"elementor-button elementor-button-link elementor-size-sm\" href=\"#elementor-action%3Aaction%3Dpopup%3Aopen%26settings%3DeyJpZCI6MTQwOSwidG9nZ2xlIjpmYWxzZX0%3D\">\n\t\t\t\t\t\t<span class=\"elementor-button-content-wrapper\">\n\t\t\t\t\t\t\t\t\t<span class=\"elementor-button-text\">EN SAVOIR PLUS<\/span>\n\t\t\t\t\t<\/span>\n\t\t\t\t\t<\/a>\n\t\t\t\t<\/div>\n\t\t\t\t\t\t\t\t<\/div>\n\t\t\t\t<\/div>\n\t\t\t\t<\/div>\n\t\t\t\t\t<\/div>\n\t\t\t\t<\/div>\n\t\t<div class=\"elementor-element elementor-element-af60648 e-flex e-con-boxed e-con e-parent\" data-id=\"af60648\" data-element_type=\"container\" data-e-type=\"container\">\n\t\t\t\t\t<div class=\"e-con-inner\">\n\t\t\t\t<div class=\"elementor-element elementor-element-66fa472 elementor-widget__width-initial elementor-widget-mobile__width-inherit elementor-widget elementor-widget-image\" data-id=\"66fa472\" data-element_type=\"widget\" data-e-type=\"widget\" data-widget_type=\"image.default\">\n\t\t\t\t<div class=\"elementor-widget-container\">\n\t\t\t\t\t\t\t\t\t\t\t\t\t\t\t<img loading=\"lazy\" decoding=\"async\" width=\"2048\" height=\"2048\" src=\"https:\/\/organicom.ch\/wp-content\/uploads\/2022\/07\/20220413_154832-2048x2048.jpg\" class=\"attachment-2048x2048 size-2048x2048 wp-image-1368\" alt=\"rack informatique neuf \u00e0 vendre disponible de suite\" srcset=\"https:\/\/organicom.ch\/wp-content\/uploads\/2022\/07\/20220413_154832-2048x2048.jpg 2048w, https:\/\/organicom.ch\/wp-content\/uploads\/2022\/07\/20220413_154832-300x300.jpg 300w, https:\/\/organicom.ch\/wp-content\/uploads\/2022\/07\/20220413_154832-1024x1024.jpg 1024w, https:\/\/organicom.ch\/wp-content\/uploads\/2022\/07\/20220413_154832-150x150.jpg 150w, https:\/\/organicom.ch\/wp-content\/uploads\/2022\/07\/20220413_154832-768x768.jpg 768w, https:\/\/organicom.ch\/wp-content\/uploads\/2022\/07\/20220413_154832-1536x1536.jpg 1536w\" sizes=\"(max-width: 2048px) 100vw, 2048px\" \/>\t\t\t\t\t\t\t\t\t\t\t\t\t\t\t<\/div>\n\t\t\t\t<\/div>\n\t\t<div class=\"elementor-element elementor-element-f72b630 e-con-full e-flex e-con e-child\" data-id=\"f72b630\" data-element_type=\"container\" data-e-type=\"container\">\n\t\t\t\t<div class=\"elementor-element elementor-element-2adbe1d elementor-widget elementor-widget-heading\" data-id=\"2adbe1d\" data-element_type=\"widget\" data-e-type=\"widget\" data-widget_type=\"heading.default\">\n\t\t\t\t<div class=\"elementor-widget-container\">\n\t\t\t\t\t<h2 class=\"elementor-heading-title elementor-size-default\">Rack informatique Standard 15 neuf!<\/h2>\t\t\t\t<\/div>\n\t\t\t\t<\/div>\n\t\t\t\t<div class=\"elementor-element elementor-element-b693817 elementor-widget elementor-widget-text-editor\" data-id=\"b693817\" data-element_type=\"widget\" data-e-type=\"widget\" data-widget_type=\"text-editor.default\">\n\t\t\t\t<div class=\"elementor-widget-container\">\n\t\t\t\t\t\t\t\t\t<p><strong>UH, 800x763x800 gris<\/strong><\/p><ul><li>disponible de suite<\/li><li>CHF 790 HT au lieu de CHF 1&#8217;400<\/li><\/ul>\t\t\t\t\t\t\t\t<\/div>\n\t\t\t\t<\/div>\n\t\t\t\t<div class=\"elementor-element elementor-element-80713c1 elementor-widget elementor-widget-button\" data-id=\"80713c1\" data-element_type=\"widget\" data-e-type=\"widget\" data-widget_type=\"button.default\">\n\t\t\t\t<div class=\"elementor-widget-container\">\n\t\t\t\t\t\t\t\t\t<div class=\"elementor-button-wrapper\">\n\t\t\t\t\t<a class=\"elementor-button elementor-button-link elementor-size-sm\" href=\"#elementor-action%3Aaction%3Dpopup%3Aopen%26settings%3DeyJpZCI6MTQwOSwidG9nZ2xlIjpmYWxzZX0%3D\">\n\t\t\t\t\t\t<span class=\"elementor-button-content-wrapper\">\n\t\t\t\t\t\t\t\t\t<span class=\"elementor-button-text\">EN SAVOIR PLUS<\/span>\n\t\t\t\t\t<\/span>\n\t\t\t\t\t<\/a>\n\t\t\t\t<\/div>\n\t\t\t\t\t\t\t\t<\/div>\n\t\t\t\t<\/div>\n\t\t\t\t<\/div>\n\t\t\t\t\t<\/div>\n\t\t\t\t<\/div>\n\t\t\t\t<\/div>\n\t\t","protected":false},"excerpt":{"rendered":"<p>Accueil Mobilier professionel Mobilier de bureau professionnel Le mobilier professionnel de bureau que vous choisissez pour votre espace de travail exerce une influence consid\u00e9rable sur votre bien-\u00eatre, votre productivit\u00e9 et votre \u00e9tat d&rsquo;esprit. Opter pour du mobilier de qualit\u00e9 peut grandement am\u00e9liorer votre confort de travail. Chez organicom, nous comprenons l&rsquo;importance de l&rsquo;ergonomie et du [&hellip;]<\/p>\n","protected":false},"author":3,"featured_media":0,"parent":0,"menu_order":0,"comment_status":"closed","ping_status":"closed","template":"","meta":{"footnotes":""},"class_list":["post-1356","page","type-page","status-publish","hentry"],"_links":{"self":[{"href":"https:\/\/organicom.ch\/en\/wp-json\/wp\/v2\/pages\/1356","targetHints":{"allow":["GET"]}}],"collection":[{"href":"https:\/\/organicom.ch\/en\/wp-json\/wp\/v2\/pages"}],"about":[{"href":"https:\/\/organicom.ch\/en\/wp-json\/wp\/v2\/types\/page"}],"author":[{"embeddable":true,"href":"https:\/\/organicom.ch\/en\/wp-json\/wp\/v2\/users\/3"}],"replies":[{"embeddable":true,"href":"https:\/\/organicom.ch\/en\/wp-json\/wp\/v2\/comments?post=1356"}],"version-history":[{"count":1,"href":"https:\/\/organicom.ch\/en\/wp-json\/wp\/v2\/pages\/1356\/revisions"}],"predecessor-version":[{"id":1393,"href":"https:\/\/organicom.ch\/en\/wp-json\/wp\/v2\/pages\/1356\/revisions\/1393"}],"wp:attachment":[{"href":"https:\/\/organicom.ch\/en\/wp-json\/wp\/v2\/media?parent=1356"}],"curies":[{"name":"wp","href":"https:\/\/api.w.org\/{rel}","templated":true}]}}