{"id":1358,"date":"2024-02-15T11:13:10","date_gmt":"2024-02-15T10:13:10","guid":{"rendered":"https:\/\/organicom.ch\/mentions-legales\/"},"modified":"2025-11-04T19:17:16","modified_gmt":"2025-11-04T18:17:16","slug":"mentions-legales","status":"publish","type":"page","link":"https:\/\/organicom.ch\/en\/mentions-legales\/","title":{"rendered":"Legal notices"},"content":{"rendered":"\t\t<div data-elementor-type=\"wp-page\" data-elementor-id=\"1358\" class=\"elementor elementor-1358 elementor-838\" data-elementor-post-type=\"page\">\n\t\t\t\t\t\t<section class=\"elementor-section elementor-top-section elementor-element elementor-element-9eac4ba elementor-section-boxed elementor-section-height-default elementor-section-height-default\" data-id=\"9eac4ba\" data-element_type=\"section\" data-e-type=\"section\">\n\t\t\t\t\t\t<div class=\"elementor-container elementor-column-gap-default\">\n\t\t\t\t\t<div class=\"elementor-column elementor-col-100 elementor-top-column elementor-element elementor-element-038122b\" data-id=\"038122b\" data-element_type=\"column\" data-e-type=\"column\">\n\t\t\t<div class=\"elementor-widget-wrap elementor-element-populated\">\n\t\t\t\t\t\t<div class=\"elementor-element elementor-element-9b5291d elementor-widget elementor-widget-text-editor\" data-id=\"9b5291d\" data-element_type=\"widget\" data-e-type=\"widget\" data-widget_type=\"text-editor.default\">\n\t\t\t\t<div class=\"elementor-widget-container\">\n\t\t\t\t\t\t\t\t\t<p>Ce site web est exploit\u00e9 par Organicom, Daniele, A-One Business Center, Z. A. La Pi\u00e8ce 1, route de l&#8217;Etraz, 1180 Rolle, Suisse, soci\u00e9t\u00e9 immatricul\u00e9e au Registre du Commerce, CHE-115.593.041.<\/p><p>Vous pouvez nous joindre par <a href=\"mailto:hd@organicom.ch\">email<\/a> et au num\u00e9ro de t\u00e9l\u00e9phone suivant : +41 21 805 05 55.<\/p><p>En utilisant et en naviguant sur notre site web, vous acceptez d\u2019\u00eatre li\u00e9s \u00e0 nos mentions l\u00e9gales.<\/p>\t\t\t\t\t\t\t\t<\/div>\n\t\t\t\t<\/div>\n\t\t\t\t<div class=\"elementor-element elementor-element-b1a704d elementor-widget elementor-widget-heading\" data-id=\"b1a704d\" data-element_type=\"widget\" data-e-type=\"widget\" data-widget_type=\"heading.default\">\n\t\t\t\t<div class=\"elementor-widget-container\">\n\t\t\t\t\t<h5 class=\"elementor-heading-title elementor-size-default\">Propri\u00e9t\u00e9 intellectuelle<\/h5>\t\t\t\t<\/div>\n\t\t\t\t<\/div>\n\t\t\t\t<div class=\"elementor-element elementor-element-3ba8d61 elementor-widget elementor-widget-text-editor\" data-id=\"3ba8d61\" data-element_type=\"widget\" data-e-type=\"widget\" data-widget_type=\"text-editor.default\">\n\t\t\t\t<div class=\"elementor-widget-container\">\n\t\t\t\t\t\t\t\t\t<p>Le contenu de notre site web, sa structure g\u00e9n\u00e9rale, les photographies et les images, les vid\u00e9os, les infographies, les textes et autres documents dont notre site web est compos\u00e9 sont de notre propri\u00e9t\u00e9 exclusive ou sont utilis\u00e9s avec la permission de leurs titulaires et sont prot\u00e9g\u00e9s par des droits d\u2019auteur, droits de marque et autres droits de propri\u00e9t\u00e9 intellectuelle.<\/p>\n<p>Toute repr\u00e9sentation ou reproduction totale ou partielle de notre site web ou de son contenu, par quelque proc\u00e9d\u00e9 que ce soit, sans avoir obtenu notre autorisation pr\u00e9alable expresse est interdite et constituerait une contrefa\u00e7on sanctionn\u00e9e la loi.<\/p>\t\t\t\t\t\t\t\t<\/div>\n\t\t\t\t<\/div>\n\t\t\t\t<div class=\"elementor-element elementor-element-2db6538 elementor-widget elementor-widget-heading\" data-id=\"2db6538\" data-element_type=\"widget\" data-e-type=\"widget\" data-widget_type=\"heading.default\">\n\t\t\t\t<div class=\"elementor-widget-container\">\n\t\t\t\t\t<h5 class=\"elementor-heading-title elementor-size-default\">Licence d'utilisation<\/h5>\t\t\t\t<\/div>\n\t\t\t\t<\/div>\n\t\t\t\t<div class=\"elementor-element elementor-element-a695998 elementor-widget elementor-widget-text-editor\" data-id=\"a695998\" data-element_type=\"widget\" data-e-type=\"widget\" data-widget_type=\"text-editor.default\">\n\t\t\t\t<div class=\"elementor-widget-container\">\n\t\t\t\t\t\t\t\t\tLe droit d\u2019usage conf\u00e9r\u00e9 \u00e0 l\u2019utilisateur sur notre site web est personnel et priv\u00e9.  Toute repr\u00e9sentation, reproduction, diffusion ou autre usage du contenu du site web sur un quelconque support pour un usage commercial, sont prohib\u00e9s. Le droit d\u2019utilisation comprend uniquement l\u2019autorisation de consulter le site web et son contenu. Tout autre usage est soumis \u00e0 notre autorisation expresse pr\u00e9alable. \t\t\t\t\t\t\t\t<\/div>\n\t\t\t\t<\/div>\n\t\t\t\t<div class=\"elementor-element elementor-element-e3df41c elementor-widget elementor-widget-heading\" data-id=\"e3df41c\" data-element_type=\"widget\" data-e-type=\"widget\" data-widget_type=\"heading.default\">\n\t\t\t\t<div class=\"elementor-widget-container\">\n\t\t\t\t\t<h5 class=\"elementor-heading-title elementor-size-default\">Limitation de responsabilit\u00e9<\/h5>\t\t\t\t<\/div>\n\t\t\t\t<\/div>\n\t\t\t\t<div class=\"elementor-element elementor-element-a8cf27f elementor-widget elementor-widget-text-editor\" data-id=\"a8cf27f\" data-element_type=\"widget\" data-e-type=\"widget\" data-widget_type=\"text-editor.default\">\n\t\t\t\t<div class=\"elementor-widget-container\">\n\t\t\t\t\t\t\t\t\t<p>Malgr\u00e9 le fait que nous accordions \u00e9norm\u00e9ment d\u2019attention \u00e0 la cr\u00e9ation de notre site web, nous ne pouvons pas garantir l\u2019exactitude, ni le caract\u00e8re complet des informations publi\u00e9es. Nous ne pouvons \u00e9galement pas garantir que le site web et\/ou les serveurs qui l\u2019h\u00e9bergent fonctionneront sans interruptions, dysfonctionnements, erreurs, virus ou autres composants pr\u00e9judiciables ou que ces probl\u00e8mes pourront et seront r\u00e9solus.<\/p>\n\n<p>En utilisant et naviguant sur notre site web, vous consentez express\u00e9ment aux limitations de notre responsabilit\u00e9 pouvant r\u00e9sulter de l\u2019usage de notre site web.<\/p>\t\t\t\t\t\t\t\t<\/div>\n\t\t\t\t<\/div>\n\t\t\t\t<div class=\"elementor-element elementor-element-b2bb420 elementor-widget elementor-widget-heading\" data-id=\"b2bb420\" data-element_type=\"widget\" data-e-type=\"widget\" data-widget_type=\"heading.default\">\n\t\t\t\t<div class=\"elementor-widget-container\">\n\t\t\t\t\t<h5 class=\"elementor-heading-title elementor-size-default\">Liens vers d'autres sites internet<\/h5>\t\t\t\t<\/div>\n\t\t\t\t<\/div>\n\t\t\t\t<div class=\"elementor-element elementor-element-48a3815 elementor-widget elementor-widget-text-editor\" data-id=\"48a3815\" data-element_type=\"widget\" data-e-type=\"widget\" data-widget_type=\"text-editor.default\">\n\t\t\t\t<div class=\"elementor-widget-container\">\n\t\t\t\t\t\t\t\t\tLe site web peut renvoyer \u00e0 d\u2019autres sites web de tiers, qui ne sont pas sous notre contr\u00f4le. Nous n\u2019assumons aucune responsabilit\u00e9 quant au contenu de sites tiers et les renvois de notre site web \u00e0 des sites tiers ne constitue pas une recommandation ou une approbation des opinions exprim\u00e9es en leur sein.\t\t\t\t\t\t\t\t<\/div>\n\t\t\t\t<\/div>\n\t\t\t\t<div class=\"elementor-element elementor-element-d951245 elementor-widget elementor-widget-heading\" data-id=\"d951245\" data-element_type=\"widget\" data-e-type=\"widget\" data-widget_type=\"heading.default\">\n\t\t\t\t<div class=\"elementor-widget-container\">\n\t\t\t\t\t<h5 class=\"elementor-heading-title elementor-size-default\">Protection des donn\u00e9es<\/h5>\t\t\t\t<\/div>\n\t\t\t\t<\/div>\n\t\t\t\t<div class=\"elementor-element elementor-element-a8346a9 elementor-widget elementor-widget-text-editor\" data-id=\"a8346a9\" data-element_type=\"widget\" data-e-type=\"widget\" data-widget_type=\"text-editor.default\">\n\t\t\t\t<div class=\"elementor-widget-container\">\n\t\t\t\t\t\t\t\t\t<p>Nous nous engageons \u00e0 respecter vos donn\u00e9es personnelles. Pour plus d\u2019informations concernant la mani\u00e8re dont nous collectons, utilisons et partageons vos donn\u00e9es, vous pouvez consulter notre <a href=\"https:\/\/organicom.ch\/politique-de-confidentialite\">politique de confidentialit\u00e9<\/a>.<\/p><p><strong>Organicom, Daniele<\/strong> \u2013 F\u00e9vrier 2024<\/p>\t\t\t\t\t\t\t\t<\/div>\n\t\t\t\t<\/div>\n\t\t\t\t\t<\/div>\n\t\t<\/div>\n\t\t\t\t\t<\/div>\n\t\t<\/section>\n\t\t\t\t<\/div>\n\t\t","protected":false},"excerpt":{"rendered":"<p>Ce site web est exploit\u00e9 par Organicom, Daniele, A-One Business Center, Z. A. La Pi\u00e8ce 1, route de l&#8217;Etraz, 1180 Rolle, Suisse, soci\u00e9t\u00e9 immatricul\u00e9e au Registre du Commerce, CHE-115.593.041. Vous pouvez nous joindre par email et au num\u00e9ro de t\u00e9l\u00e9phone suivant : +41 21 805 05 55. En utilisant et en naviguant sur notre site [&hellip;]<\/p>\n","protected":false},"author":7,"featured_media":0,"parent":0,"menu_order":0,"comment_status":"closed","ping_status":"closed","template":"","meta":{"footnotes":""},"class_list":["post-1358","page","type-page","status-publish","hentry"],"_links":{"self":[{"href":"https:\/\/organicom.ch\/en\/wp-json\/wp\/v2\/pages\/1358","targetHints":{"allow":["GET"]}}],"collection":[{"href":"https:\/\/organicom.ch\/en\/wp-json\/wp\/v2\/pages"}],"about":[{"href":"https:\/\/organicom.ch\/en\/wp-json\/wp\/v2\/types\/page"}],"author":[{"embeddable":true,"href":"https:\/\/organicom.ch\/en\/wp-json\/wp\/v2\/users\/7"}],"replies":[{"embeddable":true,"href":"https:\/\/organicom.ch\/en\/wp-json\/wp\/v2\/comments?post=1358"}],"version-history":[{"count":2,"href":"https:\/\/organicom.ch\/en\/wp-json\/wp\/v2\/pages\/1358\/revisions"}],"predecessor-version":[{"id":1401,"href":"https:\/\/organicom.ch\/en\/wp-json\/wp\/v2\/pages\/1358\/revisions\/1401"}],"wp:attachment":[{"href":"https:\/\/organicom.ch\/en\/wp-json\/wp\/v2\/media?parent=1358"}],"curies":[{"name":"wp","href":"https:\/\/api.w.org\/{rel}","templated":true}]}}